{"id":4297,"date":"2025-07-16T15:42:15","date_gmt":"2025-07-16T21:42:15","guid":{"rendered":"https:\/\/lignum.com.gt\/site\/?page_id=4297"},"modified":"2025-09-23T13:05:03","modified_gmt":"2025-09-23T19:05:03","slug":"acerca-de-lignum-guatemala","status":"publish","type":"page","link":"https:\/\/lignum.com.gt\/site\/en\/acerca-de-lignum-guatemala\/","title":{"rendered":"Acerca de Lignum"},"content":{"rendered":"<div data-elementor-type=\"wp-page\" data-elementor-id=\"4297\" class=\"elementor elementor-4297\" data-elementor-post-type=\"page\">\n\t\t\t\t<div class=\"elementor-element elementor-element-216323a e-con-full e-flex e-con e-parent\" data-id=\"216323a\" data-element_type=\"container\" data-settings=\"{&quot;background_background&quot;:&quot;classic&quot;}\">\n\t\t\t\t<\/div>\n\t\t<div class=\"elementor-element elementor-element-78adb0a e-con-full e-flex e-con e-parent\" data-id=\"78adb0a\" data-element_type=\"container\" data-settings=\"{&quot;background_background&quot;:&quot;classic&quot;}\">\n\t\t<div class=\"elementor-element elementor-element-109e89a e-con-full e-flex e-con e-child\" data-id=\"109e89a\" data-element_type=\"container\">\n\t\t\t\t<div class=\"elementor-element elementor-element-f4073fb elementor-widget elementor-widget-image\" data-id=\"f4073fb\" data-element_type=\"widget\" data-widget_type=\"image.default\">\n\t\t\t\t<div class=\"elementor-widget-container\">\n\t\t\t\t\t\t\t\t\t\t\t\t\t\t\t<img fetchpriority=\"high\" decoding=\"async\" width=\"500\" height=\"500\" src=\"https:\/\/lignum.com.gt\/site\/wp-content\/uploads\/2025\/07\/50-verde.svg\" class=\"attachment-large size-large wp-image-4304\" alt=\"\" \/>\t\t\t\t\t\t\t\t\t\t\t\t\t\t\t<\/div>\n\t\t\t\t<\/div>\n\t\t\t\t<\/div>\n\t\t<div class=\"elementor-element elementor-element-e0a59b1 e-con-full e-flex e-con e-child\" data-id=\"e0a59b1\" data-element_type=\"container\">\n\t\t\t\t<div class=\"elementor-element elementor-element-0709e02 elementor-widget-divider--view-line elementor-widget elementor-widget-divider\" data-id=\"0709e02\" data-element_type=\"widget\" data-widget_type=\"divider.default\">\n\t\t\t\t<div class=\"elementor-widget-container\">\n\t\t\t\t\t\t\t<div class=\"elementor-divider\">\n\t\t\t<span class=\"elementor-divider-separator\">\n\t\t\t\t\t\t<\/span>\n\t\t<\/div>\n\t\t\t\t\t\t<\/div>\n\t\t\t\t<\/div>\n\t\t\t\t<div class=\"elementor-element elementor-element-31b952d elementor-widget elementor-widget-text-editor\" data-id=\"31b952d\" data-element_type=\"widget\" data-widget_type=\"text-editor.default\">\n\t\t\t\t<div class=\"elementor-widget-container\">\n\t\t\t\t\t\t\t\t\t<p>Lignum Guatemala es una empresa familiar, con m\u00e1s de 50 a\u00f1os de experiencia en la industria de productos forestales.<\/p>\n<p>Estamos integrados de forma vertical y cerramos el ciclo completo, desde la gen\u00e9tica, siembra y aprovechamiento, industria y carpinter\u00eda, comercializaci\u00f3n, dise\u00f1o y construcci\u00f3n de casas, p\u00e9rgolas, decks y otras edificaciones, con presencia en varios pa\u00edses de CA y Panam\u00e1.<\/p>\t\t\t\t\t\t\t\t<\/div>\n\t\t\t\t<\/div>\n\t\t\t\t<\/div>\n\t\t\t\t<\/div>\n\t\t<div class=\"elementor-element elementor-element-a28139d e-con-full e-flex e-con e-parent\" data-id=\"a28139d\" data-element_type=\"container\" data-settings=\"{&quot;background_background&quot;:&quot;classic&quot;}\">\n\t\t<div class=\"elementor-element elementor-element-244d4d7 e-con-full e-flex e-con e-child\" data-id=\"244d4d7\" data-element_type=\"container\">\n\t\t\t\t<div class=\"elementor-element elementor-element-3366767 elementor-widget elementor-widget-image\" data-id=\"3366767\" data-element_type=\"widget\" data-widget_type=\"image.default\">\n\t\t\t\t<div class=\"elementor-widget-container\">\n\t\t\t\t\t\t\t\t\t\t\t\t\t\t\t<img decoding=\"async\" width=\"800\" height=\"867\" src=\"https:\/\/lignum.com.gt\/site\/wp-content\/uploads\/2025\/07\/CP-esp.png\" class=\"attachment-large size-large wp-image-4318\" alt=\"\" srcset=\"https:\/\/lignum.com.gt\/site\/wp-content\/uploads\/2025\/07\/CP-esp.png 805w, https:\/\/lignum.com.gt\/site\/wp-content\/uploads\/2025\/07\/CP-esp-277x300.png 277w, https:\/\/lignum.com.gt\/site\/wp-content\/uploads\/2025\/07\/CP-esp-768x832.png 768w, https:\/\/lignum.com.gt\/site\/wp-content\/uploads\/2025\/07\/CP-esp-11x12.png 11w, https:\/\/lignum.com.gt\/site\/wp-content\/uploads\/2025\/07\/CP-esp-600x650.png 600w\" sizes=\"(max-width: 800px) 100vw, 800px\" \/>\t\t\t\t\t\t\t\t\t\t\t\t\t\t\t<\/div>\n\t\t\t\t<\/div>\n\t\t\t\t<\/div>\n\t\t<div class=\"elementor-element elementor-element-37e0e96 e-con-full e-flex e-con e-child\" data-id=\"37e0e96\" data-element_type=\"container\">\n\t\t\t\t<div class=\"elementor-element elementor-element-76bfc2e elementor-widget elementor-widget-heading\" data-id=\"76bfc2e\" data-element_type=\"widget\" data-widget_type=\"heading.default\">\n\t\t\t\t<div class=\"elementor-widget-container\">\n\t\t\t\t\t<h2 class=\"elementor-heading-title elementor-size-default\">Somos carbono positivo<\/h2>\t\t\t\t<\/div>\n\t\t\t\t<\/div>\n\t\t\t\t<div class=\"elementor-element elementor-element-03a686b elementor-widget__width-initial elementor-widget elementor-widget-text-editor\" data-id=\"03a686b\" data-element_type=\"widget\" data-widget_type=\"text-editor.default\">\n\t\t\t\t<div class=\"elementor-widget-container\">\n\t\t\t\t\t\t\t\t\t<p>Nuestro compromiso con el medio ambiente no es solo una idea, lo ponemos en pr\u00e1ctica todos los d\u00edas. Desde la elecci\u00f3n responsable de la madera que procesamos, hasta nuestros procesos de producci\u00f3n donde trabajamos con pr\u00e1cticas sostenibles que cuidan el planeta. Ser carbono positivo significa que no solo compensamos lo que emitimos, sino que vamos m\u00e1s all\u00e1. Ayudamos a revertir el impacto ambiental, ayudamos a mantener el equilibrio clim\u00e1tico y al bienestar de las futuras generaciones. Tambi\u00e9n estamos comprometidos con nuestra sociedad, creando empleos, apoyando comunidades locales y construyendo juntos un entorno m\u00e1s verde y amigable con el medio ambiente.<\/p>\t\t\t\t\t\t\t\t<\/div>\n\t\t\t\t<\/div>\n\t\t\t\t<\/div>\n\t\t\t\t<\/div>\n\t\t<div class=\"elementor-element elementor-element-def940d e-con-full e-flex e-con e-parent\" data-id=\"def940d\" data-element_type=\"container\" data-settings=\"{&quot;background_background&quot;:&quot;classic&quot;}\">\n\t\t\t\t<div class=\"elementor-element elementor-element-4395110 elementor-widget elementor-widget-heading\" data-id=\"4395110\" data-element_type=\"widget\" data-widget_type=\"heading.default\">\n\t\t\t\t<div class=\"elementor-widget-container\">\n\t\t\t\t\t<h2 class=\"elementor-heading-title elementor-size-default\">Nuestra raz\u00f3n de ser<\/h2>\t\t\t\t<\/div>\n\t\t\t\t<\/div>\n\t\t\t\t<\/div>\n\t\t<div class=\"elementor-element elementor-element-c990983 e-con-full e-flex e-con e-parent\" data-id=\"c990983\" data-element_type=\"container\" data-settings=\"{&quot;background_background&quot;:&quot;classic&quot;}\">\n\t\t<div class=\"elementor-element elementor-element-0a59e62 e-con-full e-flex e-con e-child\" data-id=\"0a59e62\" data-element_type=\"container\" data-settings=\"{&quot;background_background&quot;:&quot;classic&quot;}\">\n\t\t<div class=\"elementor-element elementor-element-ae99e46 e-con-full e-flex e-con e-child\" data-id=\"ae99e46\" data-element_type=\"container\" data-settings=\"{&quot;background_background&quot;:&quot;classic&quot;}\">\n\t\t\t\t<div class=\"elementor-element elementor-element-76eb625 elementor-widget elementor-widget-heading\" data-id=\"76eb625\" data-element_type=\"widget\" data-widget_type=\"heading.default\">\n\t\t\t\t<div class=\"elementor-widget-container\">\n\t\t\t\t\t<h2 class=\"elementor-heading-title elementor-size-default\">Misi\u00f3n<\/h2>\t\t\t\t<\/div>\n\t\t\t\t<\/div>\n\t\t\t\t<div class=\"elementor-element elementor-element-b37128d elementor-widget elementor-widget-text-editor\" data-id=\"b37128d\" data-element_type=\"widget\" data-widget_type=\"text-editor.default\">\n\t\t\t\t<div class=\"elementor-widget-container\">\n\t\t\t\t\t\t\t\t\t<p>Lograr nuestros objetivos por medio de esfuerzo, dedicaci\u00f3n y un trabajo constante.<\/p><p>Para ofrecer productos y servicios forestales excelentes que satisfagan las necesidades de nuestros clientes en el mercado, a trav\u00e9s de un proceso sostenible con reforestaci\u00f3n.<\/p>\t\t\t\t\t\t\t\t<\/div>\n\t\t\t\t<\/div>\n\t\t\t\t<\/div>\n\t\t<div class=\"elementor-element elementor-element-7b2f8aa e-con-full e-flex e-con e-child\" data-id=\"7b2f8aa\" data-element_type=\"container\" data-settings=\"{&quot;background_background&quot;:&quot;classic&quot;}\">\n\t\t\t\t<div class=\"elementor-element elementor-element-fa4db1a elementor-widget elementor-widget-heading\" data-id=\"fa4db1a\" data-element_type=\"widget\" data-widget_type=\"heading.default\">\n\t\t\t\t<div class=\"elementor-widget-container\">\n\t\t\t\t\t<h2 class=\"elementor-heading-title elementor-size-default\">Visi\u00f3n<\/h2>\t\t\t\t<\/div>\n\t\t\t\t<\/div>\n\t\t\t\t<div class=\"elementor-element elementor-element-6d77e9c elementor-widget elementor-widget-text-editor\" data-id=\"6d77e9c\" data-element_type=\"widget\" data-widget_type=\"text-editor.default\">\n\t\t\t\t<div class=\"elementor-widget-container\">\n\t\t\t\t\t\t\t\t\t<p>En Lignum Guatemala nuestra visi\u00f3n es ser la empresa l\u00edder en Centroam\u00e9rica de productos forestales sostenibles con el medio ambiente y con la sociedad.<\/p>\t\t\t\t\t\t\t\t<\/div>\n\t\t\t\t<\/div>\n\t\t\t\t<\/div>\n\t\t\t\t<\/div>\n\t\t\t\t<\/div>\n\t\t\t\t<\/div>","protected":false},"excerpt":{"rendered":"<p>Lignum Guatemala es una empresa familiar, con m\u00e1s de 50 a\u00f1os de experiencia en la industria de productos forestales. Estamos integrados de forma vertical y cerramos el ciclo completo, desde la gen\u00e9tica, siembra y aprovechamiento, industria y carpinter\u00eda, comercializaci\u00f3n, dise\u00f1o y construcci\u00f3n de casas, p\u00e9rgolas, decks y otras edificaciones, con presencia en varios pa\u00edses de [&hellip;]<\/p>","protected":false},"author":3,"featured_media":0,"parent":0,"menu_order":0,"comment_status":"open","ping_status":"closed","template":"elementor_header_footer","meta":{"_acf_changed":false,"_eb_attr":"","om_disable_all_campaigns":false,"_monsterinsights_skip_tracking":false,"_monsterinsights_sitenote_active":false,"_monsterinsights_sitenote_note":"","_monsterinsights_sitenote_category":0,"footnotes":""},"class_list":["post-4297","page","type-page","status-publish","hentry"],"acf":[],"_links":{"self":[{"href":"https:\/\/lignum.com.gt\/site\/en\/wp-json\/wp\/v2\/pages\/4297","targetHints":{"allow":["GET"]}}],"collection":[{"href":"https:\/\/lignum.com.gt\/site\/en\/wp-json\/wp\/v2\/pages"}],"about":[{"href":"https:\/\/lignum.com.gt\/site\/en\/wp-json\/wp\/v2\/types\/page"}],"author":[{"embeddable":true,"href":"https:\/\/lignum.com.gt\/site\/en\/wp-json\/wp\/v2\/users\/3"}],"replies":[{"embeddable":true,"href":"https:\/\/lignum.com.gt\/site\/en\/wp-json\/wp\/v2\/comments?post=4297"}],"version-history":[{"count":40,"href":"https:\/\/lignum.com.gt\/site\/en\/wp-json\/wp\/v2\/pages\/4297\/revisions"}],"predecessor-version":[{"id":4788,"href":"https:\/\/lignum.com.gt\/site\/en\/wp-json\/wp\/v2\/pages\/4297\/revisions\/4788"}],"wp:attachment":[{"href":"https:\/\/lignum.com.gt\/site\/en\/wp-json\/wp\/v2\/media?parent=4297"}],"curies":[{"name":"wp","href":"https:\/\/api.w.org\/{rel}","templated":true}]}}