{"id":4962,"date":"2025-09-24T13:09:42","date_gmt":"2025-09-24T19:09:42","guid":{"rendered":"https:\/\/lignum.com.gt\/site\/?post_type=product&#038;p=4962"},"modified":"2025-09-24T13:10:10","modified_gmt":"2025-09-24T19:10:10","slug":"casa-lignum-ecocabana","status":"publish","type":"product","link":"https:\/\/lignum.com.gt\/site\/en\/product\/casa-lignum-ecocabana\/","title":{"rendered":"Casa Lignum ECOCABA\u00d1A"},"content":{"rendered":"<p>Descripci\u00f3n:<\/p>\n<p>&#8211; Vivienda elaborada con paneles prefabricados de madera tratada con el objetivo de reducir tiempo de instalaci\u00f3n en el lugar<br \/>\n&#8211; Cuenta con dos habitaciones que pueden emplearse como dormitorios o \u00e1rea de descanso. Pasillo de ingreso con baranda y modulo de gradas.<br \/>\n&#8211; Cimentaci\u00f3n con pilotes rollizos de madera impregnada.<br \/>\n&#8211; Paneles de piso con amachimbre de 1\u201dx4\u201d, estructura 2\u201dx4<br \/>\n&#8211; Paneles de muro con machimbre de 5\/8\u201dx4\u201d, estructura 2\u201dx3\u201d<br \/>\n&#8211; Techo a dos aguas con estructura de 2\u201dx4\u201d<br \/>\n&#8211; Cubierta con techo con lamina Coloralum. Verde, voladizo de 60 cls en todo el per\u00edmetro de la construcci\u00f3n. Pendiente del 30%<\/p>","protected":false},"excerpt":{"rendered":"<p>Descripci\u00f3n: &#8211; Vivienda elaborada con paneles prefabricados de madera tratada con el objetivo de reducir tiempo de instalaci\u00f3n en el lugar &#8211; Cuenta con dos habitaciones que pueden emplearse como dormitorios o \u00e1rea de descanso. Pasillo de ingreso con baranda y modulo de gradas. &#8211; Cimentaci\u00f3n con pilotes rollizos de madera impregnada. &#8211; Paneles de [&hellip;]<\/p>","protected":false},"featured_media":3386,"template":"","meta":{"_acf_changed":false,"_eb_attr":"","om_disable_all_campaigns":false,"_monsterinsights_skip_tracking":false,"_monsterinsights_sitenote_active":false,"_monsterinsights_sitenote_note":"","_monsterinsights_sitenote_category":0},"product_brand":[],"product_cat":[504],"product_tag":[],"class_list":{"0":"post-4962","1":"product","2":"type-product","3":"status-publish","4":"has-post-thumbnail","6":"product_cat-casas-prefabricadas","8":"first","9":"instock","10":"shipping-taxable","11":"purchasable","12":"product-type-simple"},"acf":[],"_links":{"self":[{"href":"https:\/\/lignum.com.gt\/site\/en\/wp-json\/wp\/v2\/product\/4962","targetHints":{"allow":["GET"]}}],"collection":[{"href":"https:\/\/lignum.com.gt\/site\/en\/wp-json\/wp\/v2\/product"}],"about":[{"href":"https:\/\/lignum.com.gt\/site\/en\/wp-json\/wp\/v2\/types\/product"}],"wp:featuredmedia":[{"embeddable":true,"href":"https:\/\/lignum.com.gt\/site\/en\/wp-json\/wp\/v2\/media\/3386"}],"wp:attachment":[{"href":"https:\/\/lignum.com.gt\/site\/en\/wp-json\/wp\/v2\/media?parent=4962"}],"wp:term":[{"taxonomy":"product_brand","embeddable":true,"href":"https:\/\/lignum.com.gt\/site\/en\/wp-json\/wp\/v2\/product_brand?post=4962"},{"taxonomy":"product_cat","embeddable":true,"href":"https:\/\/lignum.com.gt\/site\/en\/wp-json\/wp\/v2\/product_cat?post=4962"},{"taxonomy":"product_tag","embeddable":true,"href":"https:\/\/lignum.com.gt\/site\/en\/wp-json\/wp\/v2\/product_tag?post=4962"}],"curies":[{"name":"wp","href":"https:\/\/api.w.org\/{rel}","templated":true}]}}