{"id":5127,"date":"2026-01-29T08:46:39","date_gmt":"2026-01-29T14:46:39","guid":{"rendered":"https:\/\/lignum.com.gt\/site\/producto\/cabana-refugio-del-bosque-con-bano\/"},"modified":"2026-01-29T08:46:40","modified_gmt":"2026-01-29T14:46:40","slug":"cabana-refugio-del-bosque-con-bano","status":"publish","type":"product","link":"https:\/\/lignum.com.gt\/site\/producto\/cabana-refugio-del-bosque-con-bano\/","title":{"rendered":"Caba\u00f1a Refugio del Bosque con Ba\u00f1o"},"content":{"rendered":"<p>1 dormitorio y 1 ba\u00f1o<\/p>\n","protected":false},"excerpt":{"rendered":"<p>17.86 m2<\/p>\n","protected":false},"featured_media":5073,"template":"","meta":{"_acf_changed":false,"_eb_attr":"","om_disable_all_campaigns":false,"_monsterinsights_skip_tracking":false,"_monsterinsights_sitenote_active":false,"_monsterinsights_sitenote_note":"","_monsterinsights_sitenote_category":0},"product_brand":[],"product_cat":[512],"product_tag":[],"class_list":{"0":"post-5127","1":"product","2":"type-product","3":"status-publish","4":"has-post-thumbnail","6":"product_cat-refugio-del-bosque-con-bano","8":"first","9":"instock","10":"shipping-taxable","11":"purchasable","12":"product-type-simple"},"acf":[],"_links":{"self":[{"href":"https:\/\/lignum.com.gt\/site\/wp-json\/wp\/v2\/product\/5127","targetHints":{"allow":["GET"]}}],"collection":[{"href":"https:\/\/lignum.com.gt\/site\/wp-json\/wp\/v2\/product"}],"about":[{"href":"https:\/\/lignum.com.gt\/site\/wp-json\/wp\/v2\/types\/product"}],"wp:featuredmedia":[{"embeddable":true,"href":"https:\/\/lignum.com.gt\/site\/wp-json\/wp\/v2\/media\/5073"}],"wp:attachment":[{"href":"https:\/\/lignum.com.gt\/site\/wp-json\/wp\/v2\/media?parent=5127"}],"wp:term":[{"taxonomy":"product_brand","embeddable":true,"href":"https:\/\/lignum.com.gt\/site\/wp-json\/wp\/v2\/product_brand?post=5127"},{"taxonomy":"product_cat","embeddable":true,"href":"https:\/\/lignum.com.gt\/site\/wp-json\/wp\/v2\/product_cat?post=5127"},{"taxonomy":"product_tag","embeddable":true,"href":"https:\/\/lignum.com.gt\/site\/wp-json\/wp\/v2\/product_tag?post=5127"}],"curies":[{"name":"wp","href":"https:\/\/api.w.org\/{rel}","templated":true}]}}